{"id":1293,"date":"2019-03-26T19:47:02","date_gmt":"2019-03-26T17:47:02","guid":{"rendered":"https:\/\/www.gpsm.net\/impressum\/"},"modified":"2019-12-19T12:13:37","modified_gmt":"2019-12-19T10:13:37","slug":"impressum","status":"publish","type":"page","link":"https:\/\/www.gpsm.net\/nl\/impressum\/","title":{"rendered":"Impressum"},"content":{"rendered":"<div class=\"wpb-content-wrapper\"><p>[vc_row][vc_column]<div class=\"clearfix title-left\"><h2 class=\"col-title\">Het domein www.gpsm.net behoort toe aan:<\/h2><\/div>[\/vc_column][\/vc_row][vc_row][vc_column width=&#8221;1\/2&#8243;][vc_column_text]<strong>GPSM GmbH<\/strong><br \/>\nWirtschaftspr\u00fcfungsgesellschaft<br \/>\nMathildenstrasse 5a<br \/>\nD-80336 M\u00fcnchen<br \/>\nTel.: +49 89 55 26 41 52<br \/>\nFax: +49 89 55 26 41 53<br \/>\nE-Mail: <a href=\"mailto:info@gpsm.net\">info@gpsm.net<\/a><\/p>\n<p>Amtsgericht M\u00fcnchen<br \/>\nHRB 183699<\/p>\n<p>Btw-nr. DE268985396[\/vc_column_text][\/vc_column][vc_column width=&#8221;1\/2&#8243;][vc_column_text]Vertegenwoordigingsbevoegd<br \/>\nBedrijfsleider:<br \/>\nDipl.-Kfm. Uwe Helmerking (WP\/StB)<\/p>\n<p>Bevoegde inspectiedienst:<br \/>\nWirtschaftspr\u00fcferkammer Berlin<br \/>\nRauchstra\u00dfe 26<br \/>\n10787 Berlin<br \/>\nTel.: +49 30 72 61 61 0<br \/>\nFax: +49 30 72 61 61 212<br \/>\nE-Mail: <a href=\"mailto:kontakt@wpk.de\">kontakt@wpk.de<\/a>[\/vc_column_text][\/vc_column][\/vc_row][vc_row][vc_column][vc_empty_space][vc_column_text]<strong>Bronvermelding voor afbeeldingen<br \/>\n<\/strong> Startpagina: Architecture facade design with reflection of blue sky Bestand: #200415220 | Maker: tam, <a href=\"http:\/\/fotolia.com\/\">fotolia.com<\/a><br \/>\nPrestaties: Sprinter waiting for start of race on running tracks Bestand: #194380181 | Maker: Maridav, <a href=\"http:\/\/fotolia.com\/\">fotolia.com<\/a>; Change Concept Bestand: #171192366 | Maker: nirutft, <a href=\"http:\/\/fotolia.com\/\">fotolia.com<\/a> (advies); Metal Wheel Concept Bestand: #147952257 | Maker: EtiAmmos, <a href=\"http:\/\/fotolia.com\/\">fotolia.com<\/a> (service); Development Attainment Motivation Career Bestand: #193150282 | Maker: tinyakov, <a href=\"http:\/\/fotolia.com\/\">fotolia.com<\/a> (controle)<br \/>\nVerpakkingswet: Skateboarder doing a skateboard trick Bestand: #55433526 | Maker: pio3, <a href=\"http:\/\/fotolia.com\/\">fotolia.com<\/a><br \/>\nOver ons: Airplane Bestand: #230987987 | Maker: aapsky, <a href=\"http:\/\/fotolia.com\/\">fotolia.com<\/a><br \/>\nContact: Colorful snooker ball on snooker table Bestand: #196185620 | Maker: zenstock, <a href=\"http:\/\/fotolia.com\/\">fotolia.com<\/a><\/p>\n<p style=\"margin-top: 0;\"><strong>Beroepsrechtelijke regelingen voor accountants<\/strong><\/p>\n<ul>\n<li>BS WP\/vBP \u2013 Beroepsstatuut voor accountants \/ be\u00ebdigde accountants<\/li>\n<li>Statuut voor kwaliteitscontrole<\/li>\n<li>WPBHV \u2013 Accountants \u2013 Beroepsaansprakelijkheidsverzekeringsverordening<\/li>\n<li>WPO \u2013 Accountancyverordening<\/li>\n<\/ul>\n<p>De steeds geldende versies van de bovenstaande regelingen en verdere aanwijzingen hierbij kunt u op de website van de Wirtschaftspr\u00fcferkammer <a href=\"http:\/\/www.wpk.de\" target=\"_blank\" rel=\"noopener noreferrer\">http:\/\/www.wpk.de<\/a> raadplegen.<\/p>\n<p><strong>Juridische aanwijzing<br \/>\n<\/strong> De GPSM GmbH heeft geen invloed op beschikbaarheid, vormgeving en inhoud van websites, waarnaar u binnen de website van GPSM GmbH gekoppeld kunt worden en kan daar geen verantwoording voor aanvaarden.<\/p>\n<p><strong>Copyright<br \/>\n<\/strong> Door het gebruik van de website wordt geen licentie of een recht tot gebruik van een afbeelding of een logo verleend. De GPSM GmbH behoudt zich alle rechten met betrekking tot alle elementen van de website voor en zal alle mogelijkheden voor de handhaving van deze rechten voor de volle omvang in acht nemen.<\/p>\n<p>\u00a9 copyright GPSM GmbH[\/vc_column_text][\/vc_column][\/vc_row]<\/p>\n<\/div>","protected":false},"excerpt":{"rendered":"<p>[vc_row][vc_column][\/vc_column][\/vc_row][vc_row][vc_column width=&#8221;1\/2&#8243;][vc_column_text]GPSM GmbH Wirtschaftspr\u00fcfungsgesellschaft Mathildenstrasse 5a D-80336 M\u00fcnchen Tel.: +49 89 55 26 41 52 Fax: +49 89 55 26 41 53 E-Mail: info@gpsm.net Amtsgericht M\u00fcnchen HRB 183699 Btw-nr. DE268985396[\/vc_column_text][\/vc_column][vc_column [&hellip;]<\/p>\n","protected":false},"author":2,"featured_media":0,"parent":0,"menu_order":8,"comment_status":"closed","ping_status":"closed","template":"","meta":{"footnotes":""},"class_list":["post-1293","page","type-page","status-publish","hentry"],"yoast_head":"<!-- This site is optimized with the Yoast SEO plugin v27.4 - https:\/\/yoast.com\/product\/yoast-seo-wordpress\/ -->\n<title>Impressum - GPSM GmbH Wirtschaftspr\u00fcfungsgesellschaft M\u00fcnchen<\/title>\n<meta name=\"robots\" content=\"index, follow, max-snippet:-1, max-image-preview:large, max-video-preview:-1\" \/>\n<link rel=\"canonical\" href=\"https:\/\/www.gpsm.net\/nl\/impressum\/\" \/>\n<meta property=\"og:locale\" content=\"nl_NL\" \/>\n<meta property=\"og:type\" content=\"article\" \/>\n<meta property=\"og:title\" content=\"Impressum - GPSM GmbH Wirtschaftspr\u00fcfungsgesellschaft M\u00fcnchen\" \/>\n<meta property=\"og:description\" content=\"[vc_row][vc_column][\/vc_column][\/vc_row][vc_row][vc_column width=&#8221;1\/2&#8243;][vc_column_text]GPSM GmbH Wirtschaftspr\u00fcfungsgesellschaft Mathildenstrasse 5a D-80336 M\u00fcnchen Tel.: +49 89 55 26 41 52 Fax: +49 89 55 26 41 53 E-Mail: info@gpsm.net Amtsgericht M\u00fcnchen HRB 183699 Btw-nr. DE268985396[\/vc_column_text][\/vc_column][vc_column [&hellip;]\" \/>\n<meta property=\"og:url\" content=\"https:\/\/www.gpsm.net\/nl\/impressum\/\" \/>\n<meta property=\"og:site_name\" content=\"GPSM GmbH Wirtschaftspr\u00fcfungsgesellschaft M\u00fcnchen\" \/>\n<meta property=\"article:modified_time\" content=\"2019-12-19T10:13:37+00:00\" \/>\n<meta name=\"twitter:card\" content=\"summary_large_image\" \/>\n<meta name=\"twitter:label1\" content=\"Geschatte leestijd\" \/>\n\t<meta name=\"twitter:data1\" content=\"2 minuten\" \/>\n<script type=\"application\/ld+json\" class=\"yoast-schema-graph\">{\"@context\":\"https:\\\/\\\/schema.org\",\"@graph\":[{\"@type\":\"WebPage\",\"@id\":\"https:\\\/\\\/www.gpsm.net\\\/nl\\\/impressum\\\/\",\"url\":\"https:\\\/\\\/www.gpsm.net\\\/nl\\\/impressum\\\/\",\"name\":\"Impressum - GPSM GmbH Wirtschaftspr\u00fcfungsgesellschaft M\u00fcnchen\",\"isPartOf\":{\"@id\":\"https:\\\/\\\/www.gpsm.net\\\/#website\"},\"datePublished\":\"2019-03-26T17:47:02+00:00\",\"dateModified\":\"2019-12-19T10:13:37+00:00\",\"breadcrumb\":{\"@id\":\"https:\\\/\\\/www.gpsm.net\\\/nl\\\/impressum\\\/#breadcrumb\"},\"inLanguage\":\"nl-NL\",\"potentialAction\":[{\"@type\":\"ReadAction\",\"target\":[\"https:\\\/\\\/www.gpsm.net\\\/nl\\\/impressum\\\/\"]}]},{\"@type\":\"BreadcrumbList\",\"@id\":\"https:\\\/\\\/www.gpsm.net\\\/nl\\\/impressum\\\/#breadcrumb\",\"itemListElement\":[{\"@type\":\"ListItem\",\"position\":1,\"name\":\"Startseite\",\"item\":\"https:\\\/\\\/www.gpsm.net\\\/nl\\\/\"},{\"@type\":\"ListItem\",\"position\":2,\"name\":\"Impressum\"}]},{\"@type\":\"WebSite\",\"@id\":\"https:\\\/\\\/www.gpsm.net\\\/#website\",\"url\":\"https:\\\/\\\/www.gpsm.net\\\/\",\"name\":\"GPSM GmbH Wirtschaftspr\u00fcfungsgesellschaft M\u00fcnchen\",\"description\":\"Abfallrechtlichen Anforderungen kompetent umgesetzt\",\"potentialAction\":[{\"@type\":\"SearchAction\",\"target\":{\"@type\":\"EntryPoint\",\"urlTemplate\":\"https:\\\/\\\/www.gpsm.net\\\/?s={search_term_string}\"},\"query-input\":{\"@type\":\"PropertyValueSpecification\",\"valueRequired\":true,\"valueName\":\"search_term_string\"}}],\"inLanguage\":\"nl-NL\"}]}<\/script>\n<!-- \/ Yoast SEO plugin. -->","yoast_head_json":{"title":"Impressum - GPSM GmbH Wirtschaftspr\u00fcfungsgesellschaft M\u00fcnchen","robots":{"index":"index","follow":"follow","max-snippet":"max-snippet:-1","max-image-preview":"max-image-preview:large","max-video-preview":"max-video-preview:-1"},"canonical":"https:\/\/www.gpsm.net\/nl\/impressum\/","og_locale":"nl_NL","og_type":"article","og_title":"Impressum - GPSM GmbH Wirtschaftspr\u00fcfungsgesellschaft M\u00fcnchen","og_description":"[vc_row][vc_column][\/vc_column][\/vc_row][vc_row][vc_column width=&#8221;1\/2&#8243;][vc_column_text]GPSM GmbH Wirtschaftspr\u00fcfungsgesellschaft Mathildenstrasse 5a D-80336 M\u00fcnchen Tel.: +49 89 55 26 41 52 Fax: +49 89 55 26 41 53 E-Mail: info@gpsm.net Amtsgericht M\u00fcnchen HRB 183699 Btw-nr. DE268985396[\/vc_column_text][\/vc_column][vc_column [&hellip;]","og_url":"https:\/\/www.gpsm.net\/nl\/impressum\/","og_site_name":"GPSM GmbH Wirtschaftspr\u00fcfungsgesellschaft M\u00fcnchen","article_modified_time":"2019-12-19T10:13:37+00:00","twitter_card":"summary_large_image","twitter_misc":{"Geschatte leestijd":"2 minuten"},"schema":{"@context":"https:\/\/schema.org","@graph":[{"@type":"WebPage","@id":"https:\/\/www.gpsm.net\/nl\/impressum\/","url":"https:\/\/www.gpsm.net\/nl\/impressum\/","name":"Impressum - GPSM GmbH Wirtschaftspr\u00fcfungsgesellschaft M\u00fcnchen","isPartOf":{"@id":"https:\/\/www.gpsm.net\/#website"},"datePublished":"2019-03-26T17:47:02+00:00","dateModified":"2019-12-19T10:13:37+00:00","breadcrumb":{"@id":"https:\/\/www.gpsm.net\/nl\/impressum\/#breadcrumb"},"inLanguage":"nl-NL","potentialAction":[{"@type":"ReadAction","target":["https:\/\/www.gpsm.net\/nl\/impressum\/"]}]},{"@type":"BreadcrumbList","@id":"https:\/\/www.gpsm.net\/nl\/impressum\/#breadcrumb","itemListElement":[{"@type":"ListItem","position":1,"name":"Startseite","item":"https:\/\/www.gpsm.net\/nl\/"},{"@type":"ListItem","position":2,"name":"Impressum"}]},{"@type":"WebSite","@id":"https:\/\/www.gpsm.net\/#website","url":"https:\/\/www.gpsm.net\/","name":"GPSM GmbH Wirtschaftspr\u00fcfungsgesellschaft M\u00fcnchen","description":"Abfallrechtlichen Anforderungen kompetent umgesetzt","potentialAction":[{"@type":"SearchAction","target":{"@type":"EntryPoint","urlTemplate":"https:\/\/www.gpsm.net\/?s={search_term_string}"},"query-input":{"@type":"PropertyValueSpecification","valueRequired":true,"valueName":"search_term_string"}}],"inLanguage":"nl-NL"}]}},"_links":{"self":[{"href":"https:\/\/www.gpsm.net\/nl\/wp-json\/wp\/v2\/pages\/1293","targetHints":{"allow":["GET"]}}],"collection":[{"href":"https:\/\/www.gpsm.net\/nl\/wp-json\/wp\/v2\/pages"}],"about":[{"href":"https:\/\/www.gpsm.net\/nl\/wp-json\/wp\/v2\/types\/page"}],"author":[{"embeddable":true,"href":"https:\/\/www.gpsm.net\/nl\/wp-json\/wp\/v2\/users\/2"}],"replies":[{"embeddable":true,"href":"https:\/\/www.gpsm.net\/nl\/wp-json\/wp\/v2\/comments?post=1293"}],"version-history":[{"count":3,"href":"https:\/\/www.gpsm.net\/nl\/wp-json\/wp\/v2\/pages\/1293\/revisions"}],"predecessor-version":[{"id":1371,"href":"https:\/\/www.gpsm.net\/nl\/wp-json\/wp\/v2\/pages\/1293\/revisions\/1371"}],"wp:attachment":[{"href":"https:\/\/www.gpsm.net\/nl\/wp-json\/wp\/v2\/media?parent=1293"}],"curies":[{"name":"wp","href":"https:\/\/api.w.org\/{rel}","templated":true}]}}