{"id":1297,"date":"2019-03-26T20:34:48","date_gmt":"2019-03-26T18:34:48","guid":{"rendered":"https:\/\/www.gpsm.net\/informatie-volgens-de-dsgvo\/"},"modified":"2019-12-19T12:16:46","modified_gmt":"2019-12-19T10:16:46","slug":"informatie-volgens-de-dsgvo","status":"publish","type":"page","link":"https:\/\/www.gpsm.net\/nl\/informatie-volgens-de-dsgvo\/","title":{"rendered":"Informatie volgens de DSGVO"},"content":{"rendered":"<div class=\"wpb-content-wrapper\"><p>[vc_row][vc_column]<div class=\"clearfix title-left\"><h2 class=\"col-title\">Informatieplichten volgens de gegevensbeschermingsverordening (DSGVO = AVG) ten aanzien van contractpartners en ge\u00efnteresseerden in een overeenkomst (voor afsluiting van een contractuele \u200eschuldovereenkomst vlg. art. 13 DSGVO (verzamelen van gegevens bij de betreffende \u200epersoon)<\/h2><\/div>[vc_column_text]<strong>Hier vindt u informatie volgens de DSGVO (AVG) voor contractanten en ge\u00efnteresseerden in een overeenkomst met de GPSM GmbH<\/strong><\/p>\n<p><strong>1. Naam van de verwerkingsbezigheid<br \/>\n<\/strong> De gegevensbeschermingsaanwijzingen gelden ten opzichte van contractanten en ten opzichte van ge\u00efnteresseerden in een overeenkomst, met wie de GPSM GmbH evt. een overeenkomst afsluit.<br \/>\nU bent ertoe verplicht uw gegevens te verstrekken. Deze verplichting komt voort uit het contract of v\u00f3\u00f3r afsluiting van een overeenkomst.<br \/>\nDe GPSM GmbH heeft uw gegevens nodig om uw contractaanbod te kunnen controleren en \/ of de overeenkomst met u te kunnen sluiten.<\/p>\n<p><strong>2. Naam en contactgegevens van de verwerkingsverantwoordelijke<br \/>\n<\/strong> GPSM GmbH Wirtschaftspr\u00fcfungsgesellschaft<br \/>\nHuisadres: Mathildenstrasse 5a, 80336 M\u00fcnchen<br \/>\nTelefon: +49 89 55 26 41 52<br \/>\nFax: +49 89 55 26 41 53<br \/>\nE-Mail: <a href=\"mailto:info@gpsm.net\">info@gpsm.net<\/a><\/p>\n<p><strong>3. Doelen en wettelijke basis van de verwerking<br \/>\n<\/strong> Uw gegevens worden verzameld, om<\/p>\n<ul>\n<li>ofwel uw contractaanbod te kunnen controleren en over aanname daarvan te kunnen beslissen (v\u00f3\u00f3r afsluiting van een contractuele schuldovereenkomst) of<\/li>\n<li>om een overeenkomst met u te kunnen sluiten en uitvoeren.<\/li>\n<\/ul>\n<p>Uw gegevens worden op basis van art. 6 lid 1 letter b DSGVO (overeenkomst resp. v\u00f3\u00f3r afsluiting van een overeenkomst) verwerkt.<\/p>\n<p><strong>5. Ontvangers of categorie\u00ebn ontvangers van de persoonsgegevens<br \/>\n<\/strong> Uw persoonsgegevens worden doorgegeven aan:<\/p>\n<ul>\n<li>Uw gegevens worden alleen doorgegeven aan derden, wanneer de gegevensoverdracht contractueel is overeengekomen of u hier vooraf toestemming voor hebt gegeven, of wij wettelijk hiertoe verplicht zijn.<\/li>\n<li>Gevolmachtigde dienstverleners (opdrachtverwerkers). Onze dienstverleners hebben voor deze verwerkingsactiviteiten toegang tot de gegevens.<\/li>\n<\/ul>\n<p>Aangegeven doel<\/p>\n<ul>\n<li>Overdracht aan derden: wettelijke plicht, contractuele overeenkomst of toestemming<\/li>\n<li>Opdrachtverwerkers: scandienstverleners, hosts en overige IT-dienstverleners en externe administrateuren, onderhoud en extern onderhoud, afvalverwijderaars van akten\/gegevensdragers<\/li>\n<\/ul>\n<p><strong>6. Overdracht van persoonsgegevens aan een derde land<br \/>\n<\/strong> Het is gepland, uw persoonsgegevens aan een derde land\/een internationale organisatie door te geven.<\/p>\n<p><strong>7. Duur van de opslag van de persoonsgegevens<br \/>\n<\/strong>De gegevens worden gewist na be\u00ebindiging van een overeenkomst\/voorcontract met naleving van de wettelijke bewaringstermijnen, als die betrekking hebben op zakenbrieven na zes jaar, met betrekking tot voor de belasting relevante gegevens, na tien jaar, voor zover contractgegevens niet langer bewaard moeten blijven omdat deze nodig zullen zijn om vrijwaringsrechten of andere rechtsaanspraken te kunnen doen gelden.<\/p>\n<p><strong>8. Rechten van de betrokkene<br \/>\n<\/strong> Volgens de EU-gegevensbeschermingsverordening hebt u de volgende rechten:<br \/>\nAls uw persoonsgegevens worden verwerkt, hebt u het recht informatie te krijgen over de bij uw persoon opgeslagen gegevens (art. 15 DSGVO (AVG)).<br \/>\nAls er foutieve persoonsgegevens verwerkt worden, hebt u het recht op correctie (art. 16 DSGVO (AVG)).<br \/>\nAls er sprake is van rechtsgronden, dan kunt u de wissing of beperking van de verwerking verlangen en bezwaar maken tegen de verwerking (art. 17, 18 en 21 DSGVO (AVG)).<br \/>\nWanneer u toestemming hebt gegeven voor de gegevensverwerking of er een overeenkomst inzake gegevensverwerking bestaat en de gegevensverwerking met behulp van geautomatiseerde procedures wordt uitgevoerd, hebt u eveneens een recht op gegevensoverdraagbaarheid (art. 20 DSGVO (AVG)).<br \/>\nOm uw rechten uit te oefenen, neemt u contact met ons op via tel. 089 55 26 41 52, fax. 089 55 26 41 53, e-mail: <a href=\"mailto:info@gpsm.net\">info@gpsm.net<\/a>.<\/p>\n<p>Bij gegevensbeschermingsrechtelijke bezwaren kunt u ook contact opnemen met de bevoegde toezichthoudende instantie:<br \/>\nDe Bayerische Landesbeauftragte f\u00fcr den Datenschutz<br \/>\nWagm\u00fcllerstra\u00dfe 18, 80538 M\u00fcnchen<br \/>\nTel: 089 212672-0 Fax: 089 212672-50<br \/>\nE-mail: <a href=\"mailto:poststelle@datenschutz-bayern.de\">poststelle@datenschutz-bayern.de<\/a> <a href=\"http:\/\/www.datenschutz-bayern.de\">www.datenschutz-bayern.de<\/a><\/p>\n<p><strong>9. Herroepingsrecht bij instemming<br \/>\n<\/strong> Wanneer u door een toepasselijke verklaring hebt ingestemd met de verwerking door GPSM GmbH, kunt u de toestemming op elk gewenst moment voor de toekomst herroepen. De rechtmatigheid van de op grond van de toestemming tot de herroeping uitgevoerde gegevensverwerking blijft door deze onverlet.[\/vc_column_text][\/vc_column][\/vc_row]<\/p>\n<\/div>","protected":false},"excerpt":{"rendered":"<p>[vc_row][vc_column][vc_column_text]Hier vindt u informatie volgens de DSGVO (AVG) voor contractanten en ge\u00efnteresseerden in een overeenkomst met de GPSM GmbH 1. Naam van de verwerkingsbezigheid De gegevensbeschermingsaanwijzingen gelden ten opzichte van [&hellip;]<\/p>\n","protected":false},"author":2,"featured_media":0,"parent":0,"menu_order":9,"comment_status":"closed","ping_status":"closed","template":"","meta":{"footnotes":""},"class_list":["post-1297","page","type-page","status-publish","hentry"],"yoast_head":"<!-- This site is optimized with the Yoast SEO plugin v27.4 - https:\/\/yoast.com\/product\/yoast-seo-wordpress\/ -->\n<title>Informatie volgens de DSGVO - GPSM GmbH Wirtschaftspr\u00fcfungsgesellschaft M\u00fcnchen<\/title>\n<meta name=\"robots\" content=\"index, follow, max-snippet:-1, max-image-preview:large, max-video-preview:-1\" \/>\n<link rel=\"canonical\" href=\"https:\/\/www.gpsm.net\/nl\/informatie-volgens-de-dsgvo\/\" \/>\n<meta property=\"og:locale\" content=\"nl_NL\" \/>\n<meta property=\"og:type\" content=\"article\" \/>\n<meta property=\"og:title\" content=\"Informatie volgens de DSGVO - GPSM GmbH Wirtschaftspr\u00fcfungsgesellschaft M\u00fcnchen\" \/>\n<meta property=\"og:description\" content=\"[vc_row][vc_column][vc_column_text]Hier vindt u informatie volgens de DSGVO (AVG) voor contractanten en ge\u00efnteresseerden in een overeenkomst met de GPSM GmbH 1. Naam van de verwerkingsbezigheid De gegevensbeschermingsaanwijzingen gelden ten opzichte van [&hellip;]\" \/>\n<meta property=\"og:url\" content=\"https:\/\/www.gpsm.net\/nl\/informatie-volgens-de-dsgvo\/\" \/>\n<meta property=\"og:site_name\" content=\"GPSM GmbH Wirtschaftspr\u00fcfungsgesellschaft M\u00fcnchen\" \/>\n<meta property=\"article:modified_time\" content=\"2019-12-19T10:16:46+00:00\" \/>\n<meta name=\"twitter:card\" content=\"summary_large_image\" \/>\n<meta name=\"twitter:label1\" content=\"Geschatte leestijd\" \/>\n\t<meta name=\"twitter:data1\" content=\"3 minuten\" \/>\n<script type=\"application\/ld+json\" class=\"yoast-schema-graph\">{\"@context\":\"https:\\\/\\\/schema.org\",\"@graph\":[{\"@type\":\"WebPage\",\"@id\":\"https:\\\/\\\/www.gpsm.net\\\/nl\\\/informatie-volgens-de-dsgvo\\\/\",\"url\":\"https:\\\/\\\/www.gpsm.net\\\/nl\\\/informatie-volgens-de-dsgvo\\\/\",\"name\":\"Informatie volgens de DSGVO - GPSM GmbH Wirtschaftspr\u00fcfungsgesellschaft M\u00fcnchen\",\"isPartOf\":{\"@id\":\"https:\\\/\\\/www.gpsm.net\\\/#website\"},\"datePublished\":\"2019-03-26T18:34:48+00:00\",\"dateModified\":\"2019-12-19T10:16:46+00:00\",\"breadcrumb\":{\"@id\":\"https:\\\/\\\/www.gpsm.net\\\/nl\\\/informatie-volgens-de-dsgvo\\\/#breadcrumb\"},\"inLanguage\":\"nl-NL\",\"potentialAction\":[{\"@type\":\"ReadAction\",\"target\":[\"https:\\\/\\\/www.gpsm.net\\\/nl\\\/informatie-volgens-de-dsgvo\\\/\"]}]},{\"@type\":\"BreadcrumbList\",\"@id\":\"https:\\\/\\\/www.gpsm.net\\\/nl\\\/informatie-volgens-de-dsgvo\\\/#breadcrumb\",\"itemListElement\":[{\"@type\":\"ListItem\",\"position\":1,\"name\":\"Startseite\",\"item\":\"https:\\\/\\\/www.gpsm.net\\\/nl\\\/\"},{\"@type\":\"ListItem\",\"position\":2,\"name\":\"Informatie volgens de DSGVO\"}]},{\"@type\":\"WebSite\",\"@id\":\"https:\\\/\\\/www.gpsm.net\\\/#website\",\"url\":\"https:\\\/\\\/www.gpsm.net\\\/\",\"name\":\"GPSM GmbH Wirtschaftspr\u00fcfungsgesellschaft M\u00fcnchen\",\"description\":\"Abfallrechtlichen Anforderungen kompetent umgesetzt\",\"potentialAction\":[{\"@type\":\"SearchAction\",\"target\":{\"@type\":\"EntryPoint\",\"urlTemplate\":\"https:\\\/\\\/www.gpsm.net\\\/?s={search_term_string}\"},\"query-input\":{\"@type\":\"PropertyValueSpecification\",\"valueRequired\":true,\"valueName\":\"search_term_string\"}}],\"inLanguage\":\"nl-NL\"}]}<\/script>\n<!-- \/ Yoast SEO plugin. -->","yoast_head_json":{"title":"Informatie volgens de DSGVO - GPSM GmbH Wirtschaftspr\u00fcfungsgesellschaft M\u00fcnchen","robots":{"index":"index","follow":"follow","max-snippet":"max-snippet:-1","max-image-preview":"max-image-preview:large","max-video-preview":"max-video-preview:-1"},"canonical":"https:\/\/www.gpsm.net\/nl\/informatie-volgens-de-dsgvo\/","og_locale":"nl_NL","og_type":"article","og_title":"Informatie volgens de DSGVO - GPSM GmbH Wirtschaftspr\u00fcfungsgesellschaft M\u00fcnchen","og_description":"[vc_row][vc_column][vc_column_text]Hier vindt u informatie volgens de DSGVO (AVG) voor contractanten en ge\u00efnteresseerden in een overeenkomst met de GPSM GmbH 1. Naam van de verwerkingsbezigheid De gegevensbeschermingsaanwijzingen gelden ten opzichte van [&hellip;]","og_url":"https:\/\/www.gpsm.net\/nl\/informatie-volgens-de-dsgvo\/","og_site_name":"GPSM GmbH Wirtschaftspr\u00fcfungsgesellschaft M\u00fcnchen","article_modified_time":"2019-12-19T10:16:46+00:00","twitter_card":"summary_large_image","twitter_misc":{"Geschatte leestijd":"3 minuten"},"schema":{"@context":"https:\/\/schema.org","@graph":[{"@type":"WebPage","@id":"https:\/\/www.gpsm.net\/nl\/informatie-volgens-de-dsgvo\/","url":"https:\/\/www.gpsm.net\/nl\/informatie-volgens-de-dsgvo\/","name":"Informatie volgens de DSGVO - GPSM GmbH Wirtschaftspr\u00fcfungsgesellschaft M\u00fcnchen","isPartOf":{"@id":"https:\/\/www.gpsm.net\/#website"},"datePublished":"2019-03-26T18:34:48+00:00","dateModified":"2019-12-19T10:16:46+00:00","breadcrumb":{"@id":"https:\/\/www.gpsm.net\/nl\/informatie-volgens-de-dsgvo\/#breadcrumb"},"inLanguage":"nl-NL","potentialAction":[{"@type":"ReadAction","target":["https:\/\/www.gpsm.net\/nl\/informatie-volgens-de-dsgvo\/"]}]},{"@type":"BreadcrumbList","@id":"https:\/\/www.gpsm.net\/nl\/informatie-volgens-de-dsgvo\/#breadcrumb","itemListElement":[{"@type":"ListItem","position":1,"name":"Startseite","item":"https:\/\/www.gpsm.net\/nl\/"},{"@type":"ListItem","position":2,"name":"Informatie volgens de DSGVO"}]},{"@type":"WebSite","@id":"https:\/\/www.gpsm.net\/#website","url":"https:\/\/www.gpsm.net\/","name":"GPSM GmbH Wirtschaftspr\u00fcfungsgesellschaft M\u00fcnchen","description":"Abfallrechtlichen Anforderungen kompetent umgesetzt","potentialAction":[{"@type":"SearchAction","target":{"@type":"EntryPoint","urlTemplate":"https:\/\/www.gpsm.net\/?s={search_term_string}"},"query-input":{"@type":"PropertyValueSpecification","valueRequired":true,"valueName":"search_term_string"}}],"inLanguage":"nl-NL"}]}},"_links":{"self":[{"href":"https:\/\/www.gpsm.net\/nl\/wp-json\/wp\/v2\/pages\/1297","targetHints":{"allow":["GET"]}}],"collection":[{"href":"https:\/\/www.gpsm.net\/nl\/wp-json\/wp\/v2\/pages"}],"about":[{"href":"https:\/\/www.gpsm.net\/nl\/wp-json\/wp\/v2\/types\/page"}],"author":[{"embeddable":true,"href":"https:\/\/www.gpsm.net\/nl\/wp-json\/wp\/v2\/users\/2"}],"replies":[{"embeddable":true,"href":"https:\/\/www.gpsm.net\/nl\/wp-json\/wp\/v2\/comments?post=1297"}],"version-history":[{"count":3,"href":"https:\/\/www.gpsm.net\/nl\/wp-json\/wp\/v2\/pages\/1297\/revisions"}],"predecessor-version":[{"id":1374,"href":"https:\/\/www.gpsm.net\/nl\/wp-json\/wp\/v2\/pages\/1297\/revisions\/1374"}],"wp:attachment":[{"href":"https:\/\/www.gpsm.net\/nl\/wp-json\/wp\/v2\/media?parent=1297"}],"curies":[{"name":"wp","href":"https:\/\/api.w.org\/{rel}","templated":true}]}}