{"id":1497,"date":"2025-10-20T18:21:08","date_gmt":"2025-10-20T16:21:08","guid":{"rendered":"https:\/\/www.gpsm.net\/toelichtingen-op-de-duitse-wegwerpplasticswet\/"},"modified":"2025-10-20T20:46:37","modified_gmt":"2025-10-20T18:46:37","slug":"toelichtingen-op-de-duitse-wegwerpplasticswet","status":"publish","type":"page","link":"https:\/\/www.gpsm.net\/nl\/toelichtingen-op-de-duitse-wegwerpplasticswet\/","title":{"rendered":"Toelichtingen op de duitse wegwerpplasticswet"},"content":{"rendered":"<div class=\"wpb-content-wrapper\"><p>[vc_row][vc_column]<div class=\"clearfix title-center\"><h2 class=\"col-title\">Wezenlijke regelingen in de duitse wegwerpplasticswet (&#8220;EWKFondsG&#8221;)<\/h2><\/div>[\/vc_column][\/vc_row][vc_row][vc_column][vc_column_text]<\/p>\n<p>[\/vc_column_text][\/vc_column][\/vc_row][vc_row][vc_column][vc_tour interval=&#8221;0&#8243;][vc_tab title=&#8221;Welke fabrikanten vallen onder de EWKFondsG?&#8221; tab_id=&#8221;1417504296-1-12&#8243;][vc_row_inner][vc_column_inner][vc_column_text css=&#8221;&#8221;]<\/p>\n<h3><strong>Welke fabrikanten vallen onder de EWKFondsG?<\/strong><\/h3>\n<p>De definitie van fabrikant volgens \u00a7 3 nr. 3 a) <span style=\"color: #467886;\"><u><a href=\"https:\/\/www.recht.bund.de\/bgbl\/1\/2023\/124\/VO\">EWKFondsG<\/a><\/u><\/span> heeft betrekking op het geval waarin een <strong>natuurlijke persoon, rechtspersoon of vennootschap met rechtspersoonlijkheid<\/strong> die in Duitsland is gevestigd, als <strong>producent, vuller, verkoper of importeur<\/strong> voor het eerst op commerci\u00eble basis wegwerpplasticproducten volgens bijlage 1 van de<span style=\"color: #467886;\"><u><a href=\"https:\/\/www.recht.bund.de\/bgbl\/1\/2023\/124\/VO\"> EWKFondsG<\/a><\/u><\/span> op de markt aanbiedt. Bij de uitvoering van de EU-regelgeving met betrekking tot de definitie van fabrikant volgens deze wet, maakt het daarbij niet uit of het product gevuld of ongevuld op de markt wordt gebracht (met uitzondering van tassen en folieverpakkingen).<\/p>\n<p>&nbsp;<\/p>\n<p>Met de kanttekening dat het altijd om individuele gevallen gaat, wordt in situaties waarin bepaalde wegwerpplasticproducten uit het buitenland worden ge\u00efmporteerd, maar door de importeur niet op de Duitse markt worden gebracht, maar opnieuw naar het buitenland worden ge\u00ebxporteerd, niet uitgegaan van een eerste op de markt brengen in Duitsland (vgl. <span style=\"color: #467886;\"><u><a href=\"https:\/\/dserver.bundestag.de\/btd\/20\/051\/2005164.pdf\">toelichting op<\/a><\/u><\/span> \u00a7 3 nr. 3 a) EWKFondsG). Een overdracht binnen Duitsland aan derden door een hier gevestigde producent wordt daarentegen wel als een eerste marktverstrekking beschouwd, ongeacht via welk handelskanaal de derde partij het product vervolgens distribueert \u2013 dus ook als deze het wegwerpplasticproduct exporteert. Dit geldt ook als private label-producten in opdracht van derden worden geproduceerd.<\/p>\n<p>&nbsp;<\/p>\n<p>Volgens \u00a7 3 nr. 3 b) <span style=\"color: #467886;\"><u><a href=\"https:\/\/www.recht.bund.de\/bgbl\/1\/2023\/124\/VO\">EWKFondsG<\/a><\/u><\/span> worden <strong>ook buitenlandse<\/strong> bedrijven zonder vestiging in Duitsland als fabrikanten beschouwd, wanneer zij uitsluitend vanuit het buitenland op de Duitse markt opereren. Dit is het geval wanneer betrokken wegwerpplasticproducten op commerci\u00eble wijze via communicatiemiddelen op afstand, bijvoorbeeld online, binnen het toepassingsgebied van de EWKFondsG worden verkocht aan particuliere of zakelijke eindgebruikers. Eindgebruikers zijn degenen aan wie het product wordt verstrekt als consument buiten hun commerci\u00eble, zakelijke, ambachtelijke of beroepsmatige activiteiten, of als professionele gebruikers binnen het kader van hun commerci\u00eble of beroepsmatige activiteiten.<\/p>\n<p>[\/vc_column_text][\/vc_column_inner][\/vc_row_inner][\/vc_tab][vc_tab title=&#8221;Welke kunststofverpakkingen voor eenmalig gebruik vallen onder de EWKFondsG&#8221; tab_id=&#8221;1417504296-2-100&#8243;][vc_row_inner][vc_column_inner][vc_column_text css=&#8221;&#8221;]<\/p>\n<h3>Welke kunststofverpakkingen voor eenmalig gebruik vallen onder de EWKFondsG?<\/h3>\n<ol>\n<li><strong>Voedselverpakkingen, dat wil zeggen containers, zoals bakken met of zonder deksel, voor voedsel die<\/strong><br \/>\na) bedoeld zijn om direct geconsumeerd te worden, hetzij ter plaatse, hetzij als afhaalmaaltijd,<br \/>\nb) gewoonlijk uit de verpakking worden gegeten en<br \/>\nc) zonder verdere bereiding zoals koken, koken in water of verhitten kunnen worden geconsumeerd.<br \/>\nGeen voedselverpakkingen in deze zin zijn drinkverpakkingen, drinkbekers, borden evenals zakken en folie-verpakkingen, zoals wrappers, met voedselinhoud.<\/li>\n<li><strong>Van flexibel materiaal gemaakte zakken en folie-verpakkingen, zoals wrappers, met voedselinhoud, die<\/strong><br \/>\na) bedoeld zijn om direct uit de zak of de folie-verpakking te worden geconsumeerd, en<br \/>\nb) geen verdere bereiding behoeven;<\/li>\n<li><strong>Drinkverpakkingen<\/strong> met een vulvolume tot 3,0 liter, dat wil zeggen containers die worden gebruikt voor het bevatten van vloeistoffen, zoals statiegeld- en niet-statiegeld-drankflessen en combinatiedrankverpakkingen, inclusief hun sluitingen en deksels; geen drinkverpakkingen in deze zin zijn drinkverpakkingen van glas of metaal met sluitingen of deksels van kunststof;<\/li>\n<li><strong>Drinkbekers<\/strong> inclusief hun sluitingen en deksels;<\/li>\n<li><strong>Lichte kunststof draagtasjes<\/strong>, dat wil zeggen kunststof draagtasjes met een wanddikte van minder dan 50 micrometer, met of zonder draaghandvat, die aan consumenten worden aangeboden op de verkooppunten van goederen of producten;<\/li>\n<li><strong>Vochtige doekjes<\/strong>, dat wil zeggen ge\u00efmpregneerde doekjes voor lichaams- en huishoudverzorging;<\/li>\n<li><strong>Ballonnen<\/strong>; uitgezonderd zijn ballonnen voor industri\u00eble of commerci\u00eble toepassingen die niet aan consumenten worden geleverd;<\/li>\n<li><strong>Tabaksproducten met filters<\/strong> en filters die bestemd zijn voor gebruik in combinatie met tabaksproducten.<\/li>\n<\/ol>\n<p>&nbsp;<\/p>\n<p>Vuurwerk in de zin van \u00a7 3 lid 1 nummer 4 van de <span style=\"color: #467886;\"><u><a href=\"https:\/\/www.gesetze-im-internet.de\/sprengg_1976\/BJNR027370976.html\">Wet op het Ontploffingsgevaar<\/a><\/u><\/span> zijn vanaf 01.01.2026 opgenomen in de lijst van wegwerp-kunststofproducten (bijlage 1 <span style=\"color: #467886;\"><u><a href=\"https:\/\/www.recht.bund.de\/bgbl\/1\/2023\/124\/VO\">EWKFondsG<\/a><\/u><\/span>).<\/p>\n<p>&nbsp;<\/p>\n<p>Vuilniszakken evenals ontbijt- of vershoudzakken zijn geen &#8220;draagtasjes&#8221; in de zin van nr. 5 van bijlage 1 bij het <span style=\"color: #467886;\"><u><a href=\"https:\/\/www.recht.bund.de\/bgbl\/1\/2023\/124\/VO\">EWKFondsG<\/a><\/u><\/span> en vallen niet onder het toepassingsgebied van het EWKFondsG.<\/p>\n<p>&nbsp;<\/p>\n<p>Hoewel niet uitdrukkelijk genoemd in de <span style=\"color: #467886;\"><u><a href=\"https:\/\/eur-lex.europa.eu\/legal-content\/DE\/TXT\/PDF\/?uri=CELEX:32019L0904\">EWKRL<\/a><\/u><\/span>, voldoen vochtige doekjes die uitsluitend zijn ontworpen, ontwikkeld en op de markt gebracht voor commercieel gebruik, zoals medische doekjes of doekjes voor verpleegzorg, niet aan het criterium van lichaams- of huishoudverzorging. Daarom wordt aangenomen dat deze producten niet onder het toepassingsgebied van het <span style=\"color: #467886;\"><u><a href=\"https:\/\/www.recht.bund.de\/bgbl\/1\/2023\/124\/VO\">EWKFondsG<\/a><\/u><\/span> vallen.<\/p>\n<p>[\/vc_column_text][\/vc_column_inner][\/vc_row_inner][\/vc_tab][vc_tab tab_id=&#8221;75a76ebc-007d-2&#8243; title=&#8221;Wanneer en met welke gegevens moet men zich registreren?&#8221;][vc_row_inner][vc_column_inner][vc_column_text css=&#8221;&#8221;]<\/p>\n<h3>Wanneer en met welke gegevens moet men zich registreren?<\/h3>\n<p>Voor fabrikanten die hun activiteiten voor het eerst na 1 januari 2024 starten, geldt er wettelijk een <strong>onmiddellijke registratieplicht<\/strong>. Voor fabrikanten die al v\u00f3\u00f3r 1 januari 2024 actief waren op de Duitse markt, is de registratieperiode inmiddels verstreken. De registratie moet zo snel mogelijk worden ingehaald.<\/p>\n<p>&nbsp;<\/p>\n<p>De verplichting tot het doen van hoeveelheidsmeldingen (\u00a711 EWKFondsG) geldt vanaf kalenderjaar 2024 wettelijk, ongeacht of en wanneer de registratie plaatsvindt.<\/p>\n<p>&nbsp;<\/p>\n<p>Voor het aanmaken van een account op DIVID heeft u een <strong>ELSTER-organisatiecertificaat<\/strong> nodig. De gegevens die via het ELSTER-bedrijfsaccount worden overgedragen, kunnen in ELSTER worden bewerkt en vervolgens met \u00e9\u00e9n muisklik in DIVID worden overgenomen. Andere ontbrekende informatie kan worden ge\u00efmporteerd uit het verpakkingsregister LUCID of handmatig worden toegevoegd. Zodra de registratie succesvol is afgerond, wordt de registratieaanvraag doorgestuurd naar het Umweltbundesamt (Duitse federale milieuagentschap). De registratiebevestiging wordt onmiddellijk per e-mail verzonden en in het DIVID-dashboard opgeslagen.<br \/>\nDe registratie en publicatie hebben betrekking op zowel de fabrikant als op de merknamen waaronder de fabrikant de eenmalige plastic producten voor het eerst op de markt aanbiedt of verkoopt.<\/p>\n<p>&nbsp;<\/p>\n<p><strong>Voor de registratie zijn de volgende registratie- en stamgegevens vereist:<\/strong><\/p>\n<ul>\n<li>Naam en adres van de fabrikant (<em>wordt gepubliceerd op DIVID<\/em>)<\/li>\n<li>Indien van toepassing: naam en adres van de gemachtigde (<em>wordt gepubliceerd op DIVID<\/em>) evenals de machtiging<\/li>\n<li>BTW-identificatienummer of Europees\/nationaal fiscaal nummer (<em>wordt gepubliceerd op DIVID<\/em>)<\/li>\n<li>Merknamen waaronder de eenmalige plastic producten op de markt worden gebracht of verkocht (<em>wordt gepubliceerd op DIVID<\/em>)<\/li>\n<li>Soorten eenmalige plastic producten die voor het eerst op de markt worden gebracht of verkocht, conform bijlage 1 (<em>wordt gepubliceerd op DIVID<\/em>)<\/li>\n<li>Contactgegevens van de fabrikant (telefoonnummer, postcode) (<em>wordt gepubliceerd op DIVID<\/em>)<\/li>\n<li>Gegevens van een wettelijk vertegenwoordigde persoon<\/li>\n<li>Nationale identificatienummer (bijv. handelsregisternummer) en e-mailadres van de fabrikant; bij een gemachtigde dezelfde gegevens van de gemachtigde<\/li>\n<li>Verklaring dat de verstrekte gegevens naar waarheid zijn ingevuld<\/li>\n<\/ul>\n<p>&nbsp;<\/p>\n<p>* Het Umweltbundesamt publiceert op grond van zijn wettelijke taak een lijst van geregistreerde fabrikanten, inclusief bepaalde fabrikantgegevens, merknamen en productcategorie\u00ebn in het fabrikantenregister. De publicatie van geregistreerde fabrikanten stelt iedereen in staat om op specifieke fabrikanten en merknamen te zoeken en zo te controleren of zij aan hun registratieplicht voldoen.<\/p>\n<p>[\/vc_column_text][\/vc_column_inner][\/vc_row_inner][\/vc_tab][vc_tab tab_id=&#8221;1540404565586-6-7&#8243; title=&#8221;Welke verplichtingen moeten na registratie worden nagekomen?&#8221;][vc_row_inner][vc_column_inner][vc_column_text css=&#8221;&#8221;]<\/p>\n<h3>Welke verplichtingen moeten na registratie worden nagekomen?<\/h3>\n<p>Vanaf 2025 zijn fabrikanten verplicht om jaarlijks uiterlijk op 15 mei via het <strong>EWKFonds-platform DIVID elektronisch aan het Umweltbundesamt te melden<\/strong> welke eenwegkunststofproducten zij in het voorgaande kalenderjaar voor het eerst op de markt hebben gebracht of verkocht, overeenkomstig bijlage 1 en conform \u00a7 11 Abs. 1 Satz 1 bis 3 <span style=\"color: #467886;\"><u><a href=\"https:\/\/www.recht.bund.de\/bgbl\/1\/2023\/124\/VO\">EWKFondsG<\/a><\/u><\/span>.<\/p>\n<p>&nbsp;<\/p>\n<p><strong>De eenwegkunststofproducten moeten worden gerapporteerd uitgesplitst naar type en massa, in kilogram.<\/strong><\/p>\n<p>&nbsp;<\/p>\n<p><strong>De melding moet in principe worden gecontroleerd en bevestigd door een geregistreerde deskundige<\/strong> in de zin van \u00a7 3 Absatz 15 van de <span style=\"color: #467886;\"><u><a href=\"https:\/\/www.gesetze-im-internet.de\/verpackg\/index.html\">Verpackungsgesetz<\/a><\/u><\/span> of door een volgens \u00a7 27 Absatz 2 van de <span style=\"color: #467886;\"><u><a href=\"https:\/\/www.gesetze-im-internet.de\/verpackg\/index.html\">Verpackungsgesetz<\/a><\/u><\/span> geregistreerde accountant, belastingadviseur of be\u00ebdigde boekhouder. Hiervoor zullen door het Umweltbundesamt in overleg met het Bundeskartellamt controle-richtlijnen worden opgesteld. De bevestiging moet voorzien zijn van een gekwalificeerde elektronische handtekening en samen met de melding en het controleverslag elektronisch door de fabrikant aan het Umweltbundesamt worden overgedragen.<\/p>\n<p>&nbsp;<\/p>\n<p>Het Umweltbundesamt stelt voor de melding (volgens \u00a7 11 Absatz 1 Satz 1 <span style=\"color: #467886;\"><u><a href=\"https:\/\/www.recht.bund.de\/bgbl\/1\/2023\/124\/VO\">EWKFondsG<\/a><\/u><\/span>), de bevestiging en de overdracht van de melding en het controleverslag (volgens \u00a7 11 Absatz 1 Satz 3 <span style=\"color: #467886;\"><u><a href=\"https:\/\/www.recht.bund.de\/bgbl\/1\/2023\/124\/VO\">EWKFondsG<\/a><\/u><\/span>) evenals voor overige communicatie met de fabrikanten uniforme elektronische formulieren ter beschikking en regelt de nadere procedure.<\/p>\n<p>[\/vc_column_text][\/vc_column_inner][\/vc_row_inner][\/vc_tab][\/vc_tour]<div class=\"gap clearfix\" style=\"height: 30px;\"><\/div>[\/vc_column][\/vc_row][vc_row][vc_column][vc_column_text]<\/p>\n<p>[\/vc_column_text][\/vc_column][\/vc_row][vc_row][vc_column]<div class=\"gap clearfix\" style=\"height: 100px;\"><\/div>[vc_column_text]* Het betreft op de praktijk gerichte aanwijzingen zonder aanspraak op volledigheid[\/vc_column_text][\/vc_column][\/vc_row]<\/p>\n<\/div>","protected":false},"excerpt":{"rendered":"<p>[vc_row][vc_column][\/vc_column][\/vc_row][vc_row][vc_column][vc_column_text] [\/vc_column_text][\/vc_column][\/vc_row][vc_row][vc_column][vc_tour interval=&#8221;0&#8243;][vc_tab title=&#8221;Welke fabrikanten vallen onder de EWKFondsG?&#8221; tab_id=&#8221;1417504296-1-12&#8243;][vc_row_inner][vc_column_inner][vc_column_text css=&#8221;&#8221;] Welke fabrikanten vallen onder de EWKFondsG? De definitie van fabrikant volgens \u00a7 3 nr. 3 a) EWKFondsG heeft betrekking [&hellip;]<\/p>\n","protected":false},"author":2,"featured_media":0,"parent":0,"menu_order":3,"comment_status":"closed","ping_status":"closed","template":"","meta":{"footnotes":""},"class_list":["post-1497","page","type-page","status-publish","hentry"],"yoast_head":"<!-- This site is optimized with the Yoast SEO plugin v27.4 - https:\/\/yoast.com\/product\/yoast-seo-wordpress\/ -->\n<title>Toelichtingen op de duitse wegwerpplasticswet - GPSM GmbH Wirtschaftspr\u00fcfungsgesellschaft M\u00fcnchen<\/title>\n<meta name=\"robots\" content=\"index, follow, max-snippet:-1, max-image-preview:large, max-video-preview:-1\" \/>\n<link rel=\"canonical\" href=\"https:\/\/www.gpsm.net\/nl\/toelichtingen-op-de-duitse-wegwerpplasticswet\/\" \/>\n<meta property=\"og:locale\" content=\"nl_NL\" \/>\n<meta property=\"og:type\" content=\"article\" \/>\n<meta property=\"og:title\" content=\"Toelichtingen op de duitse wegwerpplasticswet - GPSM GmbH Wirtschaftspr\u00fcfungsgesellschaft M\u00fcnchen\" \/>\n<meta property=\"og:description\" content=\"[vc_row][vc_column][\/vc_column][\/vc_row][vc_row][vc_column][vc_column_text] [\/vc_column_text][\/vc_column][\/vc_row][vc_row][vc_column][vc_tour interval=&#8221;0&#8243;][vc_tab title=&#8221;Welke fabrikanten vallen onder de EWKFondsG?&#8221; tab_id=&#8221;1417504296-1-12&#8243;][vc_row_inner][vc_column_inner][vc_column_text css=&#8221;&#8221;] Welke fabrikanten vallen onder de EWKFondsG? De definitie van fabrikant volgens \u00a7 3 nr. 3 a) EWKFondsG heeft betrekking [&hellip;]\" \/>\n<meta property=\"og:url\" content=\"https:\/\/www.gpsm.net\/nl\/toelichtingen-op-de-duitse-wegwerpplasticswet\/\" \/>\n<meta property=\"og:site_name\" content=\"GPSM GmbH Wirtschaftspr\u00fcfungsgesellschaft M\u00fcnchen\" \/>\n<meta property=\"article:modified_time\" content=\"2025-10-20T18:46:37+00:00\" \/>\n<meta name=\"twitter:card\" content=\"summary_large_image\" \/>\n<meta name=\"twitter:label1\" content=\"Geschatte leestijd\" \/>\n\t<meta name=\"twitter:data1\" content=\"8 minuten\" \/>\n<script type=\"application\/ld+json\" class=\"yoast-schema-graph\">{\"@context\":\"https:\\\/\\\/schema.org\",\"@graph\":[{\"@type\":\"WebPage\",\"@id\":\"https:\\\/\\\/www.gpsm.net\\\/nl\\\/toelichtingen-op-de-duitse-wegwerpplasticswet\\\/\",\"url\":\"https:\\\/\\\/www.gpsm.net\\\/nl\\\/toelichtingen-op-de-duitse-wegwerpplasticswet\\\/\",\"name\":\"Toelichtingen op de duitse wegwerpplasticswet - GPSM GmbH Wirtschaftspr\u00fcfungsgesellschaft M\u00fcnchen\",\"isPartOf\":{\"@id\":\"https:\\\/\\\/www.gpsm.net\\\/#website\"},\"datePublished\":\"2025-10-20T16:21:08+00:00\",\"dateModified\":\"2025-10-20T18:46:37+00:00\",\"breadcrumb\":{\"@id\":\"https:\\\/\\\/www.gpsm.net\\\/nl\\\/toelichtingen-op-de-duitse-wegwerpplasticswet\\\/#breadcrumb\"},\"inLanguage\":\"nl-NL\",\"potentialAction\":[{\"@type\":\"ReadAction\",\"target\":[\"https:\\\/\\\/www.gpsm.net\\\/nl\\\/toelichtingen-op-de-duitse-wegwerpplasticswet\\\/\"]}]},{\"@type\":\"BreadcrumbList\",\"@id\":\"https:\\\/\\\/www.gpsm.net\\\/nl\\\/toelichtingen-op-de-duitse-wegwerpplasticswet\\\/#breadcrumb\",\"itemListElement\":[{\"@type\":\"ListItem\",\"position\":1,\"name\":\"Startseite\",\"item\":\"https:\\\/\\\/www.gpsm.net\\\/nl\\\/\"},{\"@type\":\"ListItem\",\"position\":2,\"name\":\"Toelichtingen op de duitse wegwerpplasticswet\"}]},{\"@type\":\"WebSite\",\"@id\":\"https:\\\/\\\/www.gpsm.net\\\/#website\",\"url\":\"https:\\\/\\\/www.gpsm.net\\\/\",\"name\":\"GPSM GmbH Wirtschaftspr\u00fcfungsgesellschaft M\u00fcnchen\",\"description\":\"Abfallrechtlichen Anforderungen kompetent umgesetzt\",\"potentialAction\":[{\"@type\":\"SearchAction\",\"target\":{\"@type\":\"EntryPoint\",\"urlTemplate\":\"https:\\\/\\\/www.gpsm.net\\\/?s={search_term_string}\"},\"query-input\":{\"@type\":\"PropertyValueSpecification\",\"valueRequired\":true,\"valueName\":\"search_term_string\"}}],\"inLanguage\":\"nl-NL\"}]}<\/script>\n<!-- \/ Yoast SEO plugin. -->","yoast_head_json":{"title":"Toelichtingen op de duitse wegwerpplasticswet - GPSM GmbH Wirtschaftspr\u00fcfungsgesellschaft M\u00fcnchen","robots":{"index":"index","follow":"follow","max-snippet":"max-snippet:-1","max-image-preview":"max-image-preview:large","max-video-preview":"max-video-preview:-1"},"canonical":"https:\/\/www.gpsm.net\/nl\/toelichtingen-op-de-duitse-wegwerpplasticswet\/","og_locale":"nl_NL","og_type":"article","og_title":"Toelichtingen op de duitse wegwerpplasticswet - GPSM GmbH Wirtschaftspr\u00fcfungsgesellschaft M\u00fcnchen","og_description":"[vc_row][vc_column][\/vc_column][\/vc_row][vc_row][vc_column][vc_column_text] [\/vc_column_text][\/vc_column][\/vc_row][vc_row][vc_column][vc_tour interval=&#8221;0&#8243;][vc_tab title=&#8221;Welke fabrikanten vallen onder de EWKFondsG?&#8221; tab_id=&#8221;1417504296-1-12&#8243;][vc_row_inner][vc_column_inner][vc_column_text css=&#8221;&#8221;] Welke fabrikanten vallen onder de EWKFondsG? De definitie van fabrikant volgens \u00a7 3 nr. 3 a) EWKFondsG heeft betrekking [&hellip;]","og_url":"https:\/\/www.gpsm.net\/nl\/toelichtingen-op-de-duitse-wegwerpplasticswet\/","og_site_name":"GPSM GmbH Wirtschaftspr\u00fcfungsgesellschaft M\u00fcnchen","article_modified_time":"2025-10-20T18:46:37+00:00","twitter_card":"summary_large_image","twitter_misc":{"Geschatte leestijd":"8 minuten"},"schema":{"@context":"https:\/\/schema.org","@graph":[{"@type":"WebPage","@id":"https:\/\/www.gpsm.net\/nl\/toelichtingen-op-de-duitse-wegwerpplasticswet\/","url":"https:\/\/www.gpsm.net\/nl\/toelichtingen-op-de-duitse-wegwerpplasticswet\/","name":"Toelichtingen op de duitse wegwerpplasticswet - GPSM GmbH Wirtschaftspr\u00fcfungsgesellschaft M\u00fcnchen","isPartOf":{"@id":"https:\/\/www.gpsm.net\/#website"},"datePublished":"2025-10-20T16:21:08+00:00","dateModified":"2025-10-20T18:46:37+00:00","breadcrumb":{"@id":"https:\/\/www.gpsm.net\/nl\/toelichtingen-op-de-duitse-wegwerpplasticswet\/#breadcrumb"},"inLanguage":"nl-NL","potentialAction":[{"@type":"ReadAction","target":["https:\/\/www.gpsm.net\/nl\/toelichtingen-op-de-duitse-wegwerpplasticswet\/"]}]},{"@type":"BreadcrumbList","@id":"https:\/\/www.gpsm.net\/nl\/toelichtingen-op-de-duitse-wegwerpplasticswet\/#breadcrumb","itemListElement":[{"@type":"ListItem","position":1,"name":"Startseite","item":"https:\/\/www.gpsm.net\/nl\/"},{"@type":"ListItem","position":2,"name":"Toelichtingen op de duitse wegwerpplasticswet"}]},{"@type":"WebSite","@id":"https:\/\/www.gpsm.net\/#website","url":"https:\/\/www.gpsm.net\/","name":"GPSM GmbH Wirtschaftspr\u00fcfungsgesellschaft M\u00fcnchen","description":"Abfallrechtlichen Anforderungen kompetent umgesetzt","potentialAction":[{"@type":"SearchAction","target":{"@type":"EntryPoint","urlTemplate":"https:\/\/www.gpsm.net\/?s={search_term_string}"},"query-input":{"@type":"PropertyValueSpecification","valueRequired":true,"valueName":"search_term_string"}}],"inLanguage":"nl-NL"}]}},"_links":{"self":[{"href":"https:\/\/www.gpsm.net\/nl\/wp-json\/wp\/v2\/pages\/1497","targetHints":{"allow":["GET"]}}],"collection":[{"href":"https:\/\/www.gpsm.net\/nl\/wp-json\/wp\/v2\/pages"}],"about":[{"href":"https:\/\/www.gpsm.net\/nl\/wp-json\/wp\/v2\/types\/page"}],"author":[{"embeddable":true,"href":"https:\/\/www.gpsm.net\/nl\/wp-json\/wp\/v2\/users\/2"}],"replies":[{"embeddable":true,"href":"https:\/\/www.gpsm.net\/nl\/wp-json\/wp\/v2\/comments?post=1497"}],"version-history":[{"count":16,"href":"https:\/\/www.gpsm.net\/nl\/wp-json\/wp\/v2\/pages\/1497\/revisions"}],"predecessor-version":[{"id":1521,"href":"https:\/\/www.gpsm.net\/nl\/wp-json\/wp\/v2\/pages\/1497\/revisions\/1521"}],"wp:attachment":[{"href":"https:\/\/www.gpsm.net\/nl\/wp-json\/wp\/v2\/media?parent=1497"}],"curies":[{"name":"wp","href":"https:\/\/api.w.org\/{rel}","templated":true}]}}